{"id":1645,"date":"2025-06-11T16:04:08","date_gmt":"2025-06-11T16:04:08","guid":{"rendered":"https:\/\/zadruga.at\/?page_id=1645"},"modified":"2026-03-17T07:58:06","modified_gmt":"2026-03-17T07:58:06","slug":"poslanstvo","status":"publish","type":"page","link":"https:\/\/zadruga.at\/si\/poslanstvo\/","title":{"rendered":"Poslanstvo"},"content":{"rendered":"\t\t<div data-elementor-type=\"wp-page\" data-elementor-id=\"1645\" class=\"elementor elementor-1645\" data-elementor-post-type=\"page\">\n\t\t\t\t<div class=\"elementor-element elementor-element-5ef7019 e-flex e-con-boxed e-con e-parent\" data-id=\"5ef7019\" data-element_type=\"container\" data-settings=\"{&quot;background_background&quot;:&quot;classic&quot;}\">\n\t\t\t\t\t<div class=\"e-con-inner\">\n\t\t\t\t\t<\/div>\n\t\t\t\t<\/div>\n\t\t<div class=\"elementor-element elementor-element-44b6349 e-flex e-con-boxed e-con e-parent\" data-id=\"44b6349\" data-element_type=\"container\">\n\t\t\t\t\t<div class=\"e-con-inner\">\n\t\t<div class=\"elementor-element elementor-element-c7c4c4a e-con-full e-flex e-con e-child\" data-id=\"c7c4c4a\" data-element_type=\"container\">\n\t\t<div class=\"elementor-element elementor-element-2c1474f e-con-full e-flex e-con e-child\" data-id=\"2c1474f\" data-element_type=\"container\">\n\t\t\t\t<div class=\"elementor-element elementor-element-32823ce elementor-vertical-align-middle elementor-widget elementor-widget-icon-box\" data-id=\"32823ce\" data-element_type=\"widget\" data-widget_type=\"icon-box.default\">\n\t\t\t\t<div class=\"elementor-widget-container\">\n\t\t\t\t\t\t\t<div class=\"elementor-icon-box-wrapper\">\n\n\t\t\t\n\t\t\t\t\t\t<div class=\"elementor-icon-box-content\">\n\n\t\t\t\t\t\t\t\t\t<p class=\"elementor-icon-box-title\">\n\t\t\t\t\t\t<span  >\n\t\t\t\t\t\t\tZadruga\t\t\t\t\t\t<\/span>\n\t\t\t\t\t<\/p>\n\t\t\t\t\n\t\t\t\t\n\t\t\t<\/div>\n\t\t\t\n\t\t<\/div>\n\t\t\t\t\t\t<\/div>\n\t\t\t\t<\/div>\n\t\t\t\t<div class=\"elementor-element elementor-element-a4fad1d elementor-widget elementor-widget-heading\" data-id=\"a4fad1d\" data-element_type=\"widget\" data-widget_type=\"heading.default\">\n\t\t\t\t<div class=\"elementor-widget-container\">\n\t\t\t\t\t<h2 class=\"elementor-heading-title elementor-size-default\">Poslanstvo<\/h2>\t\t\t\t<\/div>\n\t\t\t\t<\/div>\n\t\t\t\t<\/div>\n\t\t<div class=\"elementor-element elementor-element-5ae1c26 e-con-full e-flex e-con e-child\" data-id=\"5ae1c26\" data-element_type=\"container\">\n\t\t\t\t<div class=\"elementor-element elementor-element-89a4602 elementor-widget elementor-widget-text-editor\" data-id=\"89a4602\" data-element_type=\"widget\" data-widget_type=\"text-editor.default\">\n\t\t\t\t<div class=\"elementor-widget-container\">\n\t\t\t\t\t\t\t\t\t<p>Zadruga je \u2013 na podlagi svojih tradicionalno ju\u017enokoro\u0161kih, slovenskih korenin \u2013 bistven sestavni del ju\u017enokoro\u0161ke dru\u017ebe. Za na\u0161e stranke smo sodoben lokalni ponudnik in partner. Navdu\u0161ujemo s strokovnostjo in osebnim pristopom. Smo mo\u010dno zakoreninjeni v ju\u017enokoro\u0161ki prostor, kar se vsak dan odra\u017ea v \u017eiveti dvojezi\u010dnosti.<br \/>Velik poudarek namenjamo podpori doma\u010demu gospodarstvu ter spodbujanju k regionalnemu in lokalnemu mi\u0161ljenju. Podpiramo doma\u010de kmete.<\/p><p>Zavedamo se svoje dru\u017ebene odgovornosti do na\u0161ih sodelavcev in smo za njih zanesljiv delodajalec.<\/p>\t\t\t\t\t\t\t\t<\/div>\n\t\t\t\t<\/div>\n\t\t\t\t<\/div>\n\t\t\t\t<\/div>\n\t\t\t\t<div class=\"elementor-element elementor-element-df46f25 elementor-widget elementor-widget-image\" data-id=\"df46f25\" data-element_type=\"widget\" data-widget_type=\"image.default\">\n\t\t\t\t<div class=\"elementor-widget-container\">\n\t\t\t\t\t\t\t\t\t\t\t\t\t\t\t<img fetchpriority=\"high\" decoding=\"async\" width=\"1500\" height=\"1295\" src=\"https:\/\/zadruga.at\/si\/wp-content\/uploads\/2025\/07\/zadruga-at-50.jpg\" class=\"attachment-full size-full wp-image-2830\" alt=\"zadruga at\" srcset=\"https:\/\/zadruga.at\/si\/wp-content\/uploads\/2025\/07\/zadruga-at-50.jpg 1500w, https:\/\/zadruga.at\/si\/wp-content\/uploads\/2025\/07\/zadruga-at-50-300x259.jpg 300w, https:\/\/zadruga.at\/si\/wp-content\/uploads\/2025\/07\/zadruga-at-50-1024x884.jpg 1024w, https:\/\/zadruga.at\/si\/wp-content\/uploads\/2025\/07\/zadruga-at-50-768x663.jpg 768w\" sizes=\"(max-width: 1500px) 100vw, 1500px\" \/>\t\t\t\t\t\t\t\t\t\t\t\t\t\t\t<\/div>\n\t\t\t\t<\/div>\n\t\t\t\t\t<\/div>\n\t\t\t\t<\/div>\n\t\t<div class=\"elementor-element elementor-element-7dd9593 e-flex e-con-boxed e-con e-parent\" data-id=\"7dd9593\" data-element_type=\"container\" data-settings=\"{&quot;background_background&quot;:&quot;classic&quot;}\">\n\t\t\t\t\t<div class=\"e-con-inner\">\n\t\t\t\t\t<\/div>\n\t\t\t\t<\/div>\n\t\t<div class=\"elementor-element elementor-element-2463525 e-flex e-con-boxed e-con e-parent\" data-id=\"2463525\" data-element_type=\"container\">\n\t\t\t\t\t<div class=\"e-con-inner\">\n\t\t\t\t<div class=\"elementor-element elementor-element-f2a5d56 elementor-widget elementor-widget-heading\" data-id=\"f2a5d56\" data-element_type=\"widget\" data-widget_type=\"heading.default\">\n\t\t\t\t<div class=\"elementor-widget-container\">\n\t\t\t\t\t<h2 class=\"elementor-heading-title elementor-size-default\">Zgodovina<\/h2>\t\t\t\t<\/div>\n\t\t\t\t<\/div>\n\t\t\t\t<div class=\"elementor-element elementor-element-802abdf elementor-widget elementor-widget-text-editor\" data-id=\"802abdf\" data-element_type=\"widget\" data-widget_type=\"text-editor.default\">\n\t\t\t\t<div class=\"elementor-widget-container\">\n\t\t\t\t\t\t\t\t\t<p>Zadruga Bleiburg\/Pliberk je bila ustanovljena leta 1948 kot <strong>Kme\u010dko-gospodarska zadruga<\/strong>. Prvotni poslovni model je temeljil na na\u010delu samopomo\u010di koro\u0161kih kmetov pri prodaji in nakupu izdelkov. S\u010dasoma se je podjetje postopoma razvilo v sodobno trgovsko podjetje in regionalno trgovino. Medtem ko so bili sprva kupci skoraj izklju\u010dno koro\u0161ki Slovenci, je danes trgovina priljubljena med vsemi prebivalci Ju\u017ene Koro\u0161ke \u2013 z izjemno visoko stopnjo zvestobe kupcev.<\/p>\t\t\t\t\t\t\t\t<\/div>\n\t\t\t\t<\/div>\n\t\t\t\t\t<\/div>\n\t\t\t\t<\/div>\n\t\t\t\t<\/div>\n\t\t","protected":false},"excerpt":{"rendered":"<p>Zadruga Poslanstvo Zadruga je \u2013 na podlagi svojih tradicionalno ju\u017enokoro\u0161kih, slovenskih korenin \u2013 bistven sestavni del ju\u017enokoro\u0161ke dru\u017ebe. Za na\u0161e [&hellip;]<\/p>\n","protected":false},"author":2,"featured_media":0,"parent":0,"menu_order":0,"comment_status":"closed","ping_status":"closed","template":"","meta":{"site-sidebar-layout":"no-sidebar","site-content-layout":"","ast-site-content-layout":"full-width-container","site-content-style":"unboxed","site-sidebar-style":"unboxed","ast-global-header-display":"","ast-banner-title-visibility":"","ast-main-header-display":"","ast-hfb-above-header-display":"","ast-hfb-below-header-display":"","ast-hfb-mobile-header-display":"","site-post-title":"disabled","ast-breadcrumbs-content":"","ast-featured-img":"disabled","footer-sml-layout":"","theme-transparent-header-meta":"enabled","adv-header-id-meta":"","stick-header-meta":"","header-above-stick-meta":"","header-main-stick-meta":"","header-below-stick-meta":"","astra-migrate-meta-layouts":"default","ast-page-background-enabled":"default","ast-page-background-meta":{"desktop":{"background-color":"var(--ast-global-color-4)","background-image":"","background-repeat":"repeat","background-position":"center center","background-size":"auto","background-attachment":"scroll","background-type":"","background-media":"","overlay-type":"","overlay-color":"","overlay-opacity":"","overlay-gradient":""},"tablet":{"background-color":"","background-image":"","background-repeat":"repeat","background-position":"center center","background-size":"auto","background-attachment":"scroll","background-type":"","background-media":"","overlay-type":"","overlay-color":"","overlay-opacity":"","overlay-gradient":""},"mobile":{"background-color":"","background-image":"","background-repeat":"repeat","background-position":"center center","background-size":"auto","background-attachment":"scroll","background-type":"","background-media":"","overlay-type":"","overlay-color":"","overlay-opacity":"","overlay-gradient":""}},"ast-content-background-meta":{"desktop":{"background-color":"var(--ast-global-color-5)","background-image":"","background-repeat":"repeat","background-position":"center center","background-size":"auto","background-attachment":"scroll","background-type":"","background-media":"","overlay-type":"","overlay-color":"","overlay-opacity":"","overlay-gradient":""},"tablet":{"background-color":"var(--ast-global-color-5)","background-image":"","background-repeat":"repeat","background-position":"center center","background-size":"auto","background-attachment":"scroll","background-type":"","background-media":"","overlay-type":"","overlay-color":"","overlay-opacity":"","overlay-gradient":""},"mobile":{"background-color":"var(--ast-global-color-5)","background-image":"","background-repeat":"repeat","background-position":"center center","background-size":"auto","background-attachment":"scroll","background-type":"","background-media":"","overlay-type":"","overlay-color":"","overlay-opacity":"","overlay-gradient":""}},"footnotes":""},"class_list":["post-1645","page","type-page","status-publish","hentry"],"_links":{"self":[{"href":"https:\/\/zadruga.at\/si\/wp-json\/wp\/v2\/pages\/1645","targetHints":{"allow":["GET"]}}],"collection":[{"href":"https:\/\/zadruga.at\/si\/wp-json\/wp\/v2\/pages"}],"about":[{"href":"https:\/\/zadruga.at\/si\/wp-json\/wp\/v2\/types\/page"}],"author":[{"embeddable":true,"href":"https:\/\/zadruga.at\/si\/wp-json\/wp\/v2\/users\/2"}],"replies":[{"embeddable":true,"href":"https:\/\/zadruga.at\/si\/wp-json\/wp\/v2\/comments?post=1645"}],"version-history":[{"count":6,"href":"https:\/\/zadruga.at\/si\/wp-json\/wp\/v2\/pages\/1645\/revisions"}],"predecessor-version":[{"id":3686,"href":"https:\/\/zadruga.at\/si\/wp-json\/wp\/v2\/pages\/1645\/revisions\/3686"}],"wp:attachment":[{"href":"https:\/\/zadruga.at\/si\/wp-json\/wp\/v2\/media?parent=1645"}],"curies":[{"name":"wp","href":"https:\/\/api.w.org\/{rel}","templated":true}]}}