{"id":1663,"date":"2025-06-11T16:25:28","date_gmt":"2025-06-11T16:25:28","guid":{"rendered":"https:\/\/zadruga.at\/?page_id=1663"},"modified":"2025-09-16T17:32:59","modified_gmt":"2025-09-16T17:32:59","slug":"ponudba","status":"publish","type":"page","link":"https:\/\/zadruga.at\/si\/ponudba\/","title":{"rendered":"Ponudba"},"content":{"rendered":"\t\t<div data-elementor-type=\"wp-page\" data-elementor-id=\"1663\" class=\"elementor elementor-1663\" data-elementor-post-type=\"page\">\n\t\t\t\t<div class=\"elementor-element elementor-element-33fa2e8 e-flex e-con-boxed e-con e-parent\" data-id=\"33fa2e8\" data-element_type=\"container\">\n\t\t\t\t\t<div class=\"e-con-inner\">\n\t\t\t\t<div class=\"elementor-element elementor-element-98284f4 elementor-widget elementor-widget-heading\" data-id=\"98284f4\" data-element_type=\"widget\" data-widget_type=\"heading.default\">\n\t\t\t\t<div class=\"elementor-widget-container\">\n\t\t\t\t\t<h2 class=\"elementor-heading-title elementor-size-default\">Na\u0161a izbira<\/h2>\t\t\t\t<\/div>\n\t\t\t\t<\/div>\n\t\t<div class=\"elementor-element elementor-element-c392702 e-con-full e-flex e-con e-child\" data-id=\"c392702\" data-element_type=\"container\" data-settings=\"{&quot;animation&quot;:&quot;none&quot;}\">\n\t\t<div class=\"elementor-element elementor-element-5d4c1b1 e-con-full e-flex e-con e-child\" data-id=\"5d4c1b1\" data-element_type=\"container\">\n\t\t\t\t<div class=\"elementor-element elementor-element-6fa497e elementor-position-left elementor-vertical-align-top elementor-widget elementor-widget-image-box\" data-id=\"6fa497e\" data-element_type=\"widget\" data-widget_type=\"image-box.default\">\n\t\t\t\t<div class=\"elementor-widget-container\">\n\t\t\t\t\t<div class=\"elementor-image-box-wrapper\"><figure class=\"elementor-image-box-img\"><a href=\"https:\/\/zadruga.at\/si\/gradbeni-oddelek\/\" tabindex=\"-1\"><img fetchpriority=\"high\" decoding=\"async\" width=\"640\" height=\"400\" src=\"https:\/\/zadruga.at\/si\/wp-content\/uploads\/2025\/06\/zadruga-web-600-400.jpg\" class=\"attachment-full size-full wp-image-1287\" alt=\"\" srcset=\"https:\/\/zadruga.at\/si\/wp-content\/uploads\/2025\/06\/zadruga-web-600-400.jpg 640w, https:\/\/zadruga.at\/si\/wp-content\/uploads\/2025\/06\/zadruga-web-600-400-300x188.jpg 300w\" sizes=\"(max-width: 640px) 100vw, 640px\" \/><\/a><\/figure><div class=\"elementor-image-box-content\"><h3 class=\"elementor-image-box-title\"><a href=\"https:\/\/zadruga.at\/si\/gradbeni-oddelek\/\">Vse za dom in gradnjo<\/a><\/h3><p class=\"elementor-image-box-description\">Na\u0161 novi center za gradbene materiale vam nudi strokovno svetovanje in veliko skladi\u0161\u010de na lokaciji.  \u279e<\/p><\/div><\/div>\t\t\t\t<\/div>\n\t\t\t\t<\/div>\n\t\t\t\t<\/div>\n\t\t<div class=\"elementor-element elementor-element-c84be9f e-con-full e-flex e-con e-child\" data-id=\"c84be9f\" data-element_type=\"container\">\n\t\t\t\t<div class=\"elementor-element elementor-element-72e16ba elementor-position-left elementor-vertical-align-top elementor-widget elementor-widget-image-box\" data-id=\"72e16ba\" data-element_type=\"widget\" data-widget_type=\"image-box.default\">\n\t\t\t\t<div class=\"elementor-widget-container\">\n\t\t\t\t\t<div class=\"elementor-image-box-wrapper\"><figure class=\"elementor-image-box-img\"><a href=\"https:\/\/zadruga.at\/si\/zivila\/\" tabindex=\"-1\"><img decoding=\"async\" src=\"https:\/\/zadruga.at\/si\/wp-content\/uploads\/2025\/06\/zivila-zadruga.jpg\" title=\"zivila-zadruga\" alt=\"zivila-zadruga\" loading=\"lazy\" \/><\/a><\/figure><div class=\"elementor-image-box-content\"><h3 class=\"elementor-image-box-title\"><a href=\"https:\/\/zadruga.at\/si\/zivila\/\">\u017divila<\/a><\/h3><p class=\"elementor-image-box-description\">S Sparom kot partnerjem smo va\u0161 regionalni ponudnik hrane \u2013 dnevno sve\u017ee ponudbe, pripravljene s srcem.    \u279e<\/p><\/div><\/div>\t\t\t\t<\/div>\n\t\t\t\t<\/div>\n\t\t\t\t<\/div>\n\t\t<div class=\"elementor-element elementor-element-530f4dd e-con-full e-flex e-con e-child\" data-id=\"530f4dd\" data-element_type=\"container\">\n\t\t\t\t<div class=\"elementor-element elementor-element-be8d2d3 elementor-position-left elementor-vertical-align-top elementor-widget elementor-widget-image-box\" data-id=\"be8d2d3\" data-element_type=\"widget\" data-widget_type=\"image-box.default\">\n\t\t\t\t<div class=\"elementor-widget-container\">\n\t\t\t\t\t<div class=\"elementor-image-box-wrapper\"><figure class=\"elementor-image-box-img\"><a href=\"https:\/\/zadruga.at\/si\/moda\/\" tabindex=\"-1\"><img decoding=\"async\" width=\"400\" height=\"400\" src=\"https:\/\/zadruga.at\/si\/wp-content\/uploads\/2025\/06\/moda-zadruga.jpg\" class=\"attachment-full size-full wp-image-1951\" alt=\"moda Zadruga AT\" srcset=\"https:\/\/zadruga.at\/si\/wp-content\/uploads\/2025\/06\/moda-zadruga.jpg 400w, https:\/\/zadruga.at\/si\/wp-content\/uploads\/2025\/06\/moda-zadruga-300x300.jpg 300w, https:\/\/zadruga.at\/si\/wp-content\/uploads\/2025\/06\/moda-zadruga-150x150.jpg 150w\" sizes=\"(max-width: 400px) 100vw, 400px\" \/><\/a><\/figure><div class=\"elementor-image-box-content\"><h3 class=\"elementor-image-box-title\"><a href=\"https:\/\/zadruga.at\/si\/moda\/\">Moda<\/a><\/h3><p class=\"elementor-image-box-description\">Ali se radi oble\u010dete lepo, ne da bi se za to morali dale\u010d voziti?\nNa\u0161e blagovne znamke nudijo kolekcije za celo dru\u017eino. \u279e<\/p><\/div><\/div>\t\t\t\t<\/div>\n\t\t\t\t<\/div>\n\t\t\t\t<\/div>\n\t\t\t\t<\/div>\n\t\t<div class=\"elementor-element elementor-element-65624b0 e-con-full e-flex e-con e-child\" data-id=\"65624b0\" data-element_type=\"container\" data-settings=\"{&quot;animation&quot;:&quot;none&quot;}\">\n\t\t<div class=\"elementor-element elementor-element-a959ade e-con-full e-flex e-con e-child\" data-id=\"a959ade\" data-element_type=\"container\">\n\t\t\t\t<div class=\"elementor-element elementor-element-56578b3 elementor-position-left elementor-vertical-align-top elementor-widget elementor-widget-image-box\" data-id=\"56578b3\" data-element_type=\"widget\" data-widget_type=\"image-box.default\">\n\t\t\t\t<div class=\"elementor-widget-container\">\n\t\t\t\t\t<div class=\"elementor-image-box-wrapper\"><figure class=\"elementor-image-box-img\"><a href=\"https:\/\/zadruga.at\/si\/kmetijstvo-in-vrt\/\" tabindex=\"-1\"><img decoding=\"async\" width=\"400\" height=\"400\" src=\"https:\/\/zadruga.at\/si\/wp-content\/uploads\/2025\/06\/kmetijstvo-zadruga.jpg\" class=\"attachment-full size-full wp-image-1949\" alt=\"\" srcset=\"https:\/\/zadruga.at\/si\/wp-content\/uploads\/2025\/06\/kmetijstvo-zadruga.jpg 400w, https:\/\/zadruga.at\/si\/wp-content\/uploads\/2025\/06\/kmetijstvo-zadruga-300x300.jpg 300w, https:\/\/zadruga.at\/si\/wp-content\/uploads\/2025\/06\/kmetijstvo-zadruga-150x150.jpg 150w\" sizes=\"(max-width: 400px) 100vw, 400px\" \/><\/a><\/figure><div class=\"elementor-image-box-content\"><h3 class=\"elementor-image-box-title\"><a href=\"https:\/\/zadruga.at\/si\/kmetijstvo-in-vrt\/\">Kmetijstvo in vrt<\/a><\/h3><p class=\"elementor-image-box-description\">Smo specialisti za male kmete in ljubiteljske kmetovalce!...   \u279e<\/p><\/div><\/div>\t\t\t\t<\/div>\n\t\t\t\t<\/div>\n\t\t\t\t<\/div>\n\t\t<div class=\"elementor-element elementor-element-9f9776c e-con-full e-flex e-con e-child\" data-id=\"9f9776c\" data-element_type=\"container\">\n\t\t\t\t<div class=\"elementor-element elementor-element-455f9f1 elementor-position-left elementor-vertical-align-top elementor-widget elementor-widget-image-box\" data-id=\"455f9f1\" data-element_type=\"widget\" data-widget_type=\"image-box.default\">\n\t\t\t\t<div class=\"elementor-widget-container\">\n\t\t\t\t\t<div class=\"elementor-image-box-wrapper\"><figure class=\"elementor-image-box-img\"><a href=\"https:\/\/zadruga.at\/si\/potrebscine-pisarna\/\" tabindex=\"-1\"><img decoding=\"async\" src=\"https:\/\/zadruga.at\/si\/wp-content\/uploads\/2025\/06\/potrebscine-zadruga.jpg\" title=\"potrebscine-zadruga\" alt=\"potreb\u0161\u010dine Zadruga AT\" loading=\"lazy\" \/><\/a><\/figure><div class=\"elementor-image-box-content\"><h3 class=\"elementor-image-box-title\"><a href=\"https:\/\/zadruga.at\/si\/potrebscine-pisarna\/\">Potreb\u0161\u010dine<\/a><\/h3><p class=\"elementor-image-box-description\">\nVse za \u0161olo in pisarno \u2013 v va\u0161i bli\u017eini, v na\u0161i poslovalnici v Pliberku! Zvezki, mape, pisala ali \u0161olske torbe  \u279e<\/p><\/div><\/div>\t\t\t\t<\/div>\n\t\t\t\t<\/div>\n\t\t\t\t<\/div>\n\t\t<div class=\"elementor-element elementor-element-0c4f75a e-con-full e-flex e-con e-child\" data-id=\"0c4f75a\" data-element_type=\"container\">\n\t\t\t\t<div class=\"elementor-element elementor-element-7172987 elementor-position-left elementor-vertical-align-top elementor-widget elementor-widget-image-box\" data-id=\"7172987\" data-element_type=\"widget\" data-widget_type=\"image-box.default\">\n\t\t\t\t<div class=\"elementor-widget-container\">\n\t\t\t\t\t<div class=\"elementor-image-box-wrapper\"><figure class=\"elementor-image-box-img\"><a href=\"https:\/\/zadruga.at\/si\/igrace\/\" tabindex=\"-1\"><img loading=\"lazy\" decoding=\"async\" width=\"400\" height=\"400\" src=\"https:\/\/zadruga.at\/si\/wp-content\/uploads\/2025\/06\/igrace-zadruga.jpg\" class=\"attachment-full size-full wp-image-1953\" alt=\"igra\u010de Zadruga AT\" srcset=\"https:\/\/zadruga.at\/si\/wp-content\/uploads\/2025\/06\/igrace-zadruga.jpg 400w, https:\/\/zadruga.at\/si\/wp-content\/uploads\/2025\/06\/igrace-zadruga-300x300.jpg 300w, https:\/\/zadruga.at\/si\/wp-content\/uploads\/2025\/06\/igrace-zadruga-150x150.jpg 150w\" sizes=\"(max-width: 400px) 100vw, 400px\" \/><\/a><\/figure><div class=\"elementor-image-box-content\"><h3 class=\"elementor-image-box-title\"><a href=\"https:\/\/zadruga.at\/si\/igrace\/\">Igra\u010de<\/a><\/h3><p class=\"elementor-image-box-description\">Pri nas v Zadrugi za\u017earijo otro\u0161ke o\u010di! V na\u0161i \u0161iroki ponudbi igra\u010d se za vsakega otroka najde nekaj posebnega. \u279e<\/p><\/div><\/div>\t\t\t\t<\/div>\n\t\t\t\t<\/div>\n\t\t\t\t<\/div>\n\t\t\t\t<\/div>\n\t\t<div class=\"elementor-element elementor-element-1f26df0 e-con-full e-flex e-con e-child\" data-id=\"1f26df0\" data-element_type=\"container\" data-settings=\"{&quot;animation&quot;:&quot;none&quot;}\">\n\t\t<div class=\"elementor-element elementor-element-3e40ad3 e-con-full e-flex e-con e-child\" data-id=\"3e40ad3\" data-element_type=\"container\">\n\t\t\t\t<div class=\"elementor-element elementor-element-47176ac elementor-position-left elementor-vertical-align-top elementor-widget elementor-widget-image-box\" data-id=\"47176ac\" data-element_type=\"widget\" data-widget_type=\"image-box.default\">\n\t\t\t\t<div class=\"elementor-widget-container\">\n\t\t\t\t\t<div class=\"elementor-image-box-wrapper\"><figure class=\"elementor-image-box-img\"><a href=\"https:\/\/zadruga.at\/si\/knjigarna\/\" tabindex=\"-1\"><img loading=\"lazy\" decoding=\"async\" width=\"400\" height=\"400\" src=\"https:\/\/zadruga.at\/si\/wp-content\/uploads\/2025\/07\/zadruga-at-knjigarna-1.jpg\" class=\"attachment-full size-full wp-image-3171\" alt=\"zadruga at knjigarna\" srcset=\"https:\/\/zadruga.at\/si\/wp-content\/uploads\/2025\/07\/zadruga-at-knjigarna-1.jpg 400w, https:\/\/zadruga.at\/si\/wp-content\/uploads\/2025\/07\/zadruga-at-knjigarna-1-300x300.jpg 300w, https:\/\/zadruga.at\/si\/wp-content\/uploads\/2025\/07\/zadruga-at-knjigarna-1-150x150.jpg 150w\" sizes=\"(max-width: 400px) 100vw, 400px\" \/><\/a><\/figure><div class=\"elementor-image-box-content\"><h3 class=\"elementor-image-box-title\"><a href=\"https:\/\/zadruga.at\/si\/knjigarna\/\">Knjigarna<\/a><\/h3><p class=\"elementor-image-box-description\">V Zadrugi v 1. nadstropju nudimo knjige vseh tematik za razli\u010dne starosti. Pri nas vsak bralec najde kaj novega zase.   \u279e<\/p><\/div><\/div>\t\t\t\t<\/div>\n\t\t\t\t<\/div>\n\t\t\t\t<\/div>\n\t\t<div class=\"elementor-element elementor-element-54c40e5 e-con-full elementor-hidden-tablet elementor-hidden-mobile e-flex e-con e-child\" data-id=\"54c40e5\" data-element_type=\"container\">\n\t\t\t\t<\/div>\n\t\t<div class=\"elementor-element elementor-element-83548b2 e-con-full elementor-hidden-tablet elementor-hidden-mobile e-flex e-con e-child\" data-id=\"83548b2\" data-element_type=\"container\">\n\t\t\t\t<\/div>\n\t\t\t\t<\/div>\n\t\t\t\t\t<\/div>\n\t\t\t\t<\/div>\n\t\t\t\t<\/div>\n\t\t","protected":false},"excerpt":{"rendered":"<p>Na\u0161a izbira Vse za dom in gradnjo Na\u0161 novi center za gradbene materiale vam nudi strokovno svetovanje in veliko skladi\u0161\u010de [&hellip;]<\/p>\n","protected":false},"author":2,"featured_media":0,"parent":0,"menu_order":0,"comment_status":"closed","ping_status":"closed","template":"","meta":{"site-sidebar-layout":"no-sidebar","site-content-layout":"","ast-site-content-layout":"full-width-container","site-content-style":"unboxed","site-sidebar-style":"unboxed","ast-global-header-display":"","ast-banner-title-visibility":"","ast-main-header-display":"","ast-hfb-above-header-display":"","ast-hfb-below-header-display":"","ast-hfb-mobile-header-display":"","site-post-title":"disabled","ast-breadcrumbs-content":"","ast-featured-img":"disabled","footer-sml-layout":"","theme-transparent-header-meta":"enabled","adv-header-id-meta":"","stick-header-meta":"","header-above-stick-meta":"","header-main-stick-meta":"","header-below-stick-meta":"","astra-migrate-meta-layouts":"default","ast-page-background-enabled":"default","ast-page-background-meta":{"desktop":{"background-color":"var(--ast-global-color-4)","background-image":"","background-repeat":"repeat","background-position":"center center","background-size":"auto","background-attachment":"scroll","background-type":"","background-media":"","overlay-type":"","overlay-color":"","overlay-opacity":"","overlay-gradient":""},"tablet":{"background-color":"","background-image":"","background-repeat":"repeat","background-position":"center center","background-size":"auto","background-attachment":"scroll","background-type":"","background-media":"","overlay-type":"","overlay-color":"","overlay-opacity":"","overlay-gradient":""},"mobile":{"background-color":"","background-image":"","background-repeat":"repeat","background-position":"center center","background-size":"auto","background-attachment":"scroll","background-type":"","background-media":"","overlay-type":"","overlay-color":"","overlay-opacity":"","overlay-gradient":""}},"ast-content-background-meta":{"desktop":{"background-color":"var(--ast-global-color-5)","background-image":"","background-repeat":"repeat","background-position":"center center","background-size":"auto","background-attachment":"scroll","background-type":"","background-media":"","overlay-type":"","overlay-color":"","overlay-opacity":"","overlay-gradient":""},"tablet":{"background-color":"var(--ast-global-color-5)","background-image":"","background-repeat":"repeat","background-position":"center center","background-size":"auto","background-attachment":"scroll","background-type":"","background-media":"","overlay-type":"","overlay-color":"","overlay-opacity":"","overlay-gradient":""},"mobile":{"background-color":"var(--ast-global-color-5)","background-image":"","background-repeat":"repeat","background-position":"center center","background-size":"auto","background-attachment":"scroll","background-type":"","background-media":"","overlay-type":"","overlay-color":"","overlay-opacity":"","overlay-gradient":""}},"footnotes":""},"class_list":["post-1663","page","type-page","status-publish","hentry"],"_links":{"self":[{"href":"https:\/\/zadruga.at\/si\/wp-json\/wp\/v2\/pages\/1663","targetHints":{"allow":["GET"]}}],"collection":[{"href":"https:\/\/zadruga.at\/si\/wp-json\/wp\/v2\/pages"}],"about":[{"href":"https:\/\/zadruga.at\/si\/wp-json\/wp\/v2\/types\/page"}],"author":[{"embeddable":true,"href":"https:\/\/zadruga.at\/si\/wp-json\/wp\/v2\/users\/2"}],"replies":[{"embeddable":true,"href":"https:\/\/zadruga.at\/si\/wp-json\/wp\/v2\/comments?post=1663"}],"version-history":[{"count":3,"href":"https:\/\/zadruga.at\/si\/wp-json\/wp\/v2\/pages\/1663\/revisions"}],"predecessor-version":[{"id":3421,"href":"https:\/\/zadruga.at\/si\/wp-json\/wp\/v2\/pages\/1663\/revisions\/3421"}],"wp:attachment":[{"href":"https:\/\/zadruga.at\/si\/wp-json\/wp\/v2\/media?parent=1663"}],"curies":[{"name":"wp","href":"https:\/\/api.w.org\/{rel}","templated":true}]}}