{"id":2199,"date":"2025-06-17T01:59:01","date_gmt":"2025-06-17T01:59:01","guid":{"rendered":"https:\/\/zadruga.at\/?page_id=2199"},"modified":"2025-09-16T18:18:25","modified_gmt":"2025-09-16T18:18:25","slug":"knjigarna","status":"publish","type":"page","link":"https:\/\/zadruga.at\/si\/knjigarna\/","title":{"rendered":"Knjigarna"},"content":{"rendered":"\t\t<div data-elementor-type=\"wp-page\" data-elementor-id=\"2199\" class=\"elementor elementor-2199\" data-elementor-post-type=\"page\">\n\t\t\t\t<div class=\"elementor-element elementor-element-5ef7019 e-flex e-con-boxed e-con e-parent\" data-id=\"5ef7019\" data-element_type=\"container\" data-settings=\"{&quot;background_background&quot;:&quot;classic&quot;}\">\n\t\t\t\t\t<div class=\"e-con-inner\">\n\t\t\t\t\t<\/div>\n\t\t\t\t<\/div>\n\t\t<div class=\"elementor-element elementor-element-44b6349 e-flex e-con-boxed e-con e-parent\" data-id=\"44b6349\" data-element_type=\"container\">\n\t\t\t\t\t<div class=\"e-con-inner\">\n\t\t<div class=\"elementor-element elementor-element-c7c4c4a e-con-full e-flex e-con e-child\" data-id=\"c7c4c4a\" data-element_type=\"container\">\n\t\t<div class=\"elementor-element elementor-element-2c1474f e-con-full e-flex e-con e-child\" data-id=\"2c1474f\" data-element_type=\"container\">\n\t\t\t\t<div class=\"elementor-element elementor-element-32823ce elementor-vertical-align-middle elementor-widget elementor-widget-icon-box\" data-id=\"32823ce\" data-element_type=\"widget\" data-widget_type=\"icon-box.default\">\n\t\t\t\t<div class=\"elementor-widget-container\">\n\t\t\t\t\t\t\t<div class=\"elementor-icon-box-wrapper\">\n\n\t\t\t\n\t\t\t\t\t\t<div class=\"elementor-icon-box-content\">\n\n\t\t\t\t\t\t\t\t\t<p class=\"elementor-icon-box-title\">\n\t\t\t\t\t\t<span  >\n\t\t\t\t\t\t\tZadruga\t\t\t\t\t\t<\/span>\n\t\t\t\t\t<\/p>\n\t\t\t\t\n\t\t\t\t\n\t\t\t<\/div>\n\t\t\t\n\t\t<\/div>\n\t\t\t\t\t\t<\/div>\n\t\t\t\t<\/div>\n\t\t\t\t<div class=\"elementor-element elementor-element-a4fad1d elementor-widget elementor-widget-heading\" data-id=\"a4fad1d\" data-element_type=\"widget\" data-widget_type=\"heading.default\">\n\t\t\t\t<div class=\"elementor-widget-container\">\n\t\t\t\t\t<h2 class=\"elementor-heading-title elementor-size-default\">Knjigarna<\/h2>\t\t\t\t<\/div>\n\t\t\t\t<\/div>\n\t\t<div class=\"elementor-element elementor-element-8c84fb3 e-grid e-con-full e-con e-child\" data-id=\"8c84fb3\" data-element_type=\"container\">\n\t\t\t\t<div class=\"elementor-element elementor-element-74b87d4 elementor-widget elementor-widget-image\" data-id=\"74b87d4\" data-element_type=\"widget\" data-widget_type=\"image.default\">\n\t\t\t\t<div class=\"elementor-widget-container\">\n\t\t\t\t\t\t\t\t\t\t\t\t\t\t\t<img decoding=\"async\" width=\"250\" height=\"130\" src=\"https:\/\/zadruga.at\/si\/wp-content\/uploads\/2025\/06\/logotip-mohorjeva.jpg\" class=\"attachment-large size-large wp-image-2672\" alt=\"logo mohorjeva heremagoras\" \/>\t\t\t\t\t\t\t\t\t\t\t\t\t\t\t<\/div>\n\t\t\t\t<\/div>\n\t\t\t\t<\/div>\n\t\t\t\t<\/div>\n\t\t<div class=\"elementor-element elementor-element-5ae1c26 e-con-full e-flex e-con e-child\" data-id=\"5ae1c26\" data-element_type=\"container\">\n\t\t\t\t<div class=\"elementor-element elementor-element-89a4602 elementor-widget elementor-widget-text-editor\" data-id=\"89a4602\" data-element_type=\"widget\" data-widget_type=\"text-editor.default\">\n\t\t\t\t<div class=\"elementor-widget-container\">\n\t\t\t\t\t\t\t\t\tPonujamo bogat izbor knjig najrazli\u010dnej\u0161ih \u017eanrov in tematik. Na policah najdete tako leposlovje, strokovno literaturo, priro\u010dnike, otro\u0161ke in mladinske knjige kot tudi bogato zbirko knjig za prosti \u010das. Knjige so primerne za vse starostne skupine, od najmlaj\u0161ih bralcev do zahtevnej\u0161ih ljubiteljev literature.  Veseli bomo va\u0161ega obiska!\t\t\t\t\t\t\t\t<\/div>\n\t\t\t\t<\/div>\n\t\t\t\t<\/div>\n\t\t\t\t<\/div>\n\t\t\t\t<div class=\"elementor-element elementor-element-df46f25 elementor-widget elementor-widget-image\" data-id=\"df46f25\" data-element_type=\"widget\" data-widget_type=\"image.default\">\n\t\t\t\t<div class=\"elementor-widget-container\">\n\t\t\t\t\t\t\t\t\t\t\t\t\t\t\t<img fetchpriority=\"high\" decoding=\"async\" width=\"1500\" height=\"1295\" src=\"https:\/\/zadruga.at\/si\/wp-content\/uploads\/2025\/07\/zadruga-at-knjigarna.jpg\" class=\"attachment-full size-full wp-image-3167\" alt=\"zadruga at knjigarna\" srcset=\"https:\/\/zadruga.at\/si\/wp-content\/uploads\/2025\/07\/zadruga-at-knjigarna.jpg 1500w, https:\/\/zadruga.at\/si\/wp-content\/uploads\/2025\/07\/zadruga-at-knjigarna-300x259.jpg 300w, https:\/\/zadruga.at\/si\/wp-content\/uploads\/2025\/07\/zadruga-at-knjigarna-1024x884.jpg 1024w, https:\/\/zadruga.at\/si\/wp-content\/uploads\/2025\/07\/zadruga-at-knjigarna-768x663.jpg 768w\" sizes=\"(max-width: 1500px) 100vw, 1500px\" \/>\t\t\t\t\t\t\t\t\t\t\t\t\t\t\t<\/div>\n\t\t\t\t<\/div>\n\t\t\t\t\t<\/div>\n\t\t\t\t<\/div>\n\t\t<div class=\"elementor-element elementor-element-7dd9593 e-flex e-con-boxed e-con e-parent\" data-id=\"7dd9593\" data-element_type=\"container\" data-settings=\"{&quot;background_background&quot;:&quot;classic&quot;}\">\n\t\t\t\t\t<div class=\"e-con-inner\">\n\t\t\t\t\t<\/div>\n\t\t\t\t<\/div>\n\t\t<div class=\"elementor-element elementor-element-a2535f9 e-flex e-con-boxed e-con e-parent\" data-id=\"a2535f9\" data-element_type=\"container\">\n\t\t\t\t\t<div class=\"e-con-inner\">\n\t\t\t\t\t<\/div>\n\t\t\t\t<\/div>\n\t\t\t\t<\/div>\n\t\t","protected":false},"excerpt":{"rendered":"<p>Zadruga Knjigarna Ponujamo bogat izbor knjig najrazli\u010dnej\u0161ih \u017eanrov in tematik. Na policah najdete tako leposlovje, strokovno literaturo, priro\u010dnike, otro\u0161ke in [&hellip;]<\/p>\n","protected":false},"author":2,"featured_media":0,"parent":0,"menu_order":0,"comment_status":"closed","ping_status":"closed","template":"","meta":{"site-sidebar-layout":"no-sidebar","site-content-layout":"","ast-site-content-layout":"full-width-container","site-content-style":"unboxed","site-sidebar-style":"unboxed","ast-global-header-display":"","ast-banner-title-visibility":"","ast-main-header-display":"","ast-hfb-above-header-display":"","ast-hfb-below-header-display":"","ast-hfb-mobile-header-display":"","site-post-title":"disabled","ast-breadcrumbs-content":"","ast-featured-img":"disabled","footer-sml-layout":"","theme-transparent-header-meta":"enabled","adv-header-id-meta":"","stick-header-meta":"","header-above-stick-meta":"","header-main-stick-meta":"","header-below-stick-meta":"","astra-migrate-meta-layouts":"default","ast-page-background-enabled":"default","ast-page-background-meta":{"desktop":{"background-color":"var(--ast-global-color-4)","background-image":"","background-repeat":"repeat","background-position":"center center","background-size":"auto","background-attachment":"scroll","background-type":"","background-media":"","overlay-type":"","overlay-color":"","overlay-opacity":"","overlay-gradient":""},"tablet":{"background-color":"","background-image":"","background-repeat":"repeat","background-position":"center center","background-size":"auto","background-attachment":"scroll","background-type":"","background-media":"","overlay-type":"","overlay-color":"","overlay-opacity":"","overlay-gradient":""},"mobile":{"background-color":"","background-image":"","background-repeat":"repeat","background-position":"center center","background-size":"auto","background-attachment":"scroll","background-type":"","background-media":"","overlay-type":"","overlay-color":"","overlay-opacity":"","overlay-gradient":""}},"ast-content-background-meta":{"desktop":{"background-color":"var(--ast-global-color-5)","background-image":"","background-repeat":"repeat","background-position":"center center","background-size":"auto","background-attachment":"scroll","background-type":"","background-media":"","overlay-type":"","overlay-color":"","overlay-opacity":"","overlay-gradient":""},"tablet":{"background-color":"var(--ast-global-color-5)","background-image":"","background-repeat":"repeat","background-position":"center center","background-size":"auto","background-attachment":"scroll","background-type":"","background-media":"","overlay-type":"","overlay-color":"","overlay-opacity":"","overlay-gradient":""},"mobile":{"background-color":"var(--ast-global-color-5)","background-image":"","background-repeat":"repeat","background-position":"center center","background-size":"auto","background-attachment":"scroll","background-type":"","background-media":"","overlay-type":"","overlay-color":"","overlay-opacity":"","overlay-gradient":""}},"footnotes":""},"class_list":["post-2199","page","type-page","status-publish","hentry"],"_links":{"self":[{"href":"https:\/\/zadruga.at\/si\/wp-json\/wp\/v2\/pages\/2199","targetHints":{"allow":["GET"]}}],"collection":[{"href":"https:\/\/zadruga.at\/si\/wp-json\/wp\/v2\/pages"}],"about":[{"href":"https:\/\/zadruga.at\/si\/wp-json\/wp\/v2\/types\/page"}],"author":[{"embeddable":true,"href":"https:\/\/zadruga.at\/si\/wp-json\/wp\/v2\/users\/2"}],"replies":[{"embeddable":true,"href":"https:\/\/zadruga.at\/si\/wp-json\/wp\/v2\/comments?post=2199"}],"version-history":[{"count":3,"href":"https:\/\/zadruga.at\/si\/wp-json\/wp\/v2\/pages\/2199\/revisions"}],"predecessor-version":[{"id":3468,"href":"https:\/\/zadruga.at\/si\/wp-json\/wp\/v2\/pages\/2199\/revisions\/3468"}],"wp:attachment":[{"href":"https:\/\/zadruga.at\/si\/wp-json\/wp\/v2\/media?parent=2199"}],"curies":[{"name":"wp","href":"https:\/\/api.w.org\/{rel}","templated":true}]}}