{"id":2322,"date":"2025-06-17T04:39:39","date_gmt":"2025-06-17T04:39:39","guid":{"rendered":"https:\/\/zadruga.at\/?page_id=2322"},"modified":"2025-10-22T14:24:39","modified_gmt":"2025-10-22T14:24:39","slug":"impressum","status":"publish","type":"page","link":"https:\/\/zadruga.at\/si\/impressum\/","title":{"rendered":"Impressum"},"content":{"rendered":"\t\t<div data-elementor-type=\"wp-page\" data-elementor-id=\"2322\" class=\"elementor elementor-2322\" data-elementor-post-type=\"page\">\n\t\t\t\t<div class=\"elementor-element elementor-element-5ef7019 e-flex e-con-boxed e-con e-parent\" data-id=\"5ef7019\" data-element_type=\"container\" data-settings=\"{&quot;background_background&quot;:&quot;classic&quot;}\">\n\t\t\t\t\t<div class=\"e-con-inner\">\n\t\t\t\t\t<\/div>\n\t\t\t\t<\/div>\n\t\t<div class=\"elementor-element elementor-element-44b6349 e-flex e-con-boxed e-con e-parent\" data-id=\"44b6349\" data-element_type=\"container\">\n\t\t\t\t\t<div class=\"e-con-inner\">\n\t\t<div class=\"elementor-element elementor-element-cc456b4 e-con-full e-flex e-con e-child\" data-id=\"cc456b4\" data-element_type=\"container\" data-settings=\"{&quot;background_background&quot;:&quot;classic&quot;}\">\n\t\t\t\t<div class=\"elementor-element elementor-element-b4edae1 elementor-widget elementor-widget-heading\" data-id=\"b4edae1\" data-element_type=\"widget\" data-widget_type=\"heading.default\">\n\t\t\t\t<div class=\"elementor-widget-container\">\n\t\t\t\t\t<h2 class=\"elementor-heading-title elementor-size-default\">Impressum<\/h2>\t\t\t\t<\/div>\n\t\t\t\t<\/div>\n\t\t\t\t<div class=\"elementor-element elementor-element-02d4c93 elementor-widget elementor-widget-text-editor\" data-id=\"02d4c93\" data-element_type=\"widget\" data-widget_type=\"text-editor.default\">\n\t\t\t\t<div class=\"elementor-widget-container\">\n\t\t\t\t\t\t\t\t\t<p><strong>F\u00fcr den Inhalt verantwortlich:<\/strong><\/p><p>ZMP-Zadruga Market GmbH<\/p><p>V\u00f6lkermarkterstrasse 1<br \/>9150 Pliberk\/Bleiburg<\/p><p><strong>Tel.:<\/strong>\u00a004235 2039<br \/><strong>Fax:<\/strong>\u00a004235 2039 43<br \/><strong>E-Mail:<\/strong>\u00a0<a href=\"mailto:office@zadruga.at\">office@zadruga.at<\/a><\/p><p><strong>Gesch\u00e4ftsf\u00fchrer<\/strong>: Mag. Andreas Hochfellner<\/p><p><strong>UID-Nummer:<\/strong>\u00a0ATU 72298809<br \/><strong>Firmenbuchnummer:<\/strong>\u00a0FN 472630 w<br \/><strong>Firmenbuchgericht:<\/strong>\u00a0Klagenfurt<\/p><p><strong>Unternehmensgegenstand:<\/strong>\u00a0Handel<br \/><strong>Mitglied bei:<\/strong>\u00a0WKO, Arbeiterkammer<br \/><strong>Berufsrecht:<\/strong>\u00a0Gewerbeordnung: \u00a0<a href=\"http:\/\/www.ktn.gv.at\/\">www.ktn.gv.at<\/a><\/p><p><strong>Aufsichtsbeh\u00f6rde\/Gewerbebeh\u00f6rde<\/strong>:\u00a0Bezirkshauptmannschaft V\u00f6lkermarkt und Bezirkshauptmannschaft Klagenfurt-Land<br \/><strong>Verleihungsstaat:\u00a0<\/strong>\u00d6sterreich<\/p><p><strong>Unsere allgemeinen Gesch\u00e4ftsbedingungen finden Sie\u00a0<a href=\"https:\/\/www.zadruga.at\/wp-content\/uploads\/2018\/03\/Zadruga-Gesch%C3%A4ftsbedingungen.pdf\">hier<\/a>.<\/strong><\/p><p><strong>Haftungsausschluss<\/strong><\/p><p>Dieser Haftungsausschluss ist als Teil des Internetangebotes zu betrachten, von dem aus auf diese Webseite\u00a0verwiesen wurde. Sofern Teile oder einzelne Formulierungen dieses Textes der geltenden Rechtslage nicht, nicht mehr oder nicht vollst\u00e4ndig entsprechen sollten, bleiben die \u00fcbrigen Teile des Dokumentes in ihrem Inhalt und ihrer G\u00fcltigkeit davon unber\u00fchrt.<\/p><p><strong>Haftung f\u00fcr Inhalte dieser Webseite<\/strong><\/p><p>Die Inhalte unserer Seiten wurden mit gr\u00f6\u00dfter Sorgfalt erstellt. F\u00fcr die Richtigkeit, Vollst\u00e4ndigkeit und Aktualit\u00e4t der Inhalte k\u00f6nnen wir jedoch keine Gew\u00e4hr \u00fcbernehmen. Als Diensteanbieter sind wir f\u00fcr eigene Inhalte auf diesen Seiten nach den allgemeinen Gesetzen verantwortlich. Wir sind jedoch nicht verpflichtet, \u00fcbermittelte oder gespeicherte fremde Informationen zu \u00fcberwachen oder nach Umst\u00e4nden zu forschen, die auf eine rechtswidrige T\u00e4tigkeit hinweisen. Verpflichtungen zur Entfernung oder Sperrung der Nutzung von Informationen nach den allgemeinen Gesetzen bleiben hiervon unber\u00fchrt. Eine diesbez\u00fcgliche Haftung ist jedoch erst ab dem Zeitpunkt der Kenntnis einer konkreten Rechtsverletzung m\u00f6glich. Bei Bekanntwerden von entsprechenden Rechtsverletzungen werden wir diese Inhalte umgehend entfernen.<\/p><p><strong>Haftung f\u00fcr Links<\/strong><\/p><p>Unser Angebot enth\u00e4lt Links zu externen Websites. Auf den Inhalt dieser externen Webseiten haben wir keinerlei Einfluss. Deshalb k\u00f6nnen wir f\u00fcr diese fremden Inhalte auch keine Gew\u00e4hr \u00fcbernehmen. F\u00fcr die Inhalte der verlinkten Seiten ist stets der jeweilige Anbieter oder Betreiber der Seiten verantwortlich. Die verlinkten Seiten wurden zum Zeitpunkt der Verlinkung auf m\u00f6gliche Rechtsverst\u00f6\u00dfe \u00fcberpr\u00fcft. Rechtswidrige Inhalte waren zum Zeitpunkt der Verlinkung nicht erkennbar. Eine permanente inhaltliche Kontrolle der verlinkten Seiten ist jedoch ohne konkrete Anhaltspunkte einer Rechtsverletzung nicht zumutbar. Bei Bekanntwerden von Rechtsverletzungen werden wir derartige Links umgehend entfernen.<\/p><p><strong>Urheberrecht<\/strong><\/p><p>Die Betreiber dieser Webseite\u00a0sind bem\u00fcht, stets die Urheberrechte anderer zu beachten bzw. auf selbst erstellte sowie lizenzfreie Werke zur\u00fcckzugreifen. Die durch die Seitenbetreiber erstellten Inhalte und Werke auf dieser Webseite unterliegen dem Urheberrecht. Beitr\u00e4ge Dritter sind als solche gekennzeichnet. Die Vervielf\u00e4ltigung, Bearbeitung, Verbreitung und jede Art der Verwertung au\u00dferhalb der Grenzen des Urheberrechtes bed\u00fcrfen der schriftlichen Zustimmung des jeweiligen Autors bzw. Erstellers. Downloads und Kopien dieser Seite sind nur f\u00fcr den privaten, nicht kommerziellen Gebrauch gestattet.<\/p><p><strong>Datenschutzerkl\u00e4rung<\/strong><\/p><p>Wir legen gro\u00dfen Wert auf den Schutz Ihrer Daten. Um Sie in vollem Umfang \u00fcber die Verwendung personenbezogener Daten zu informieren, bitten wir Sie die folgenden Datenschutzhinweise zur Kenntnis zu nehmen.<\/p><p><strong>Pers\u00f6nliche Daten<\/strong><\/p><p>Pers\u00f6nliche Daten, die Sie auf dieser Website elektronisch \u00fcbermitteln, wie zum Beispiel Name, E-Mail-Adresse, Adresse oder andere pers\u00f6nlichen Angaben, werden von uns nur zum jeweils angegebenen Zweck verwendet, sicher verwahrt und nicht an Dritte weitergegeben. Der Provider erhebt und speichert automatisch Informationen am Webserver wie verwendeter Browser, Betriebssystem, Verweisseite, IP-Adresse, Uhrzeit des Zugriffs usw. Diese Daten k\u00f6nnen ohne Pr\u00fcfung weiterer Datenquellen keinen bestimmten Personen zugeordnet werden und wir werten diese Daten auch nicht weiter aus, solange keine rechtswidrige Nutzung unserer Webseite vorliegt.<\/p><p><strong>Formulardaten und Kommentare<\/strong><\/p><p>Wenn Webseitenbesucher Kommentare oder Formulareintr\u00e4ge hinterlassen, werden die eingegebenen Daten und ihre IP-Adressen gespeichert. Das erfolgt zur Sicherheit, falls jemand widerrechtliche Inhalte verfasst (Beleidigungen, links- oder rechtsextreme Propaganda, Hasspostings usw.). In diesem Fall sind wir\u00a0an der Identit\u00e4t des Verfassers interessiert.<\/p><p><strong>Personenbezogene Daten und Datenspeicherung beim Online-Kauf bzw. Zadruga Kundenkarten App<\/strong><\/p><p>Verantwortlicher im Sinne der EU-Datenschutz-Grundverordnung (DSGVO) ist die ZADRUGA Market GmbH.<\/p><p>Zum Zweck des einfacheren Einkaufsvorganges (Online in unseren ZADRUGA Let\u2019s doit-Baum\u00e4rkten) und zur sp\u00e4teren Vertragsabwicklung werden die Sie betreffenden personenbezogenen Daten:<\/p><ul><li>Nam<\/li><li>Adresse<\/li><li>Telefonnummer<\/li><li>E-Mail-Adresse<\/li><li>Bankinformationen<\/li><li>Zus\u00e4tzlichen Informationen (in Abh\u00e4ngigkeit von der gew\u00fcnschten Leistung)<\/li><\/ul><p>erhoben und verarbeitet.<\/p><p>Die ZADRUGA verarbeitet die Sie betreffenden personenbezogenen Daten zur Vertragserf\u00fcllung bzw. zur Durchf\u00fchrung vorvertraglicher Ma\u00dfnahmen, sowie zu Informations- und Marketingzwecken. Hierzu geh\u00f6ren die Zahlungsabwicklung, die Bonit\u00e4tspr\u00fcfung, die Erf\u00fcllung der Bestellung, die Abwicklung von Retouren und die Rechnungsstellung. Ohne diese Daten k\u00f6nnen wir den Vertrag mit Ihnen nicht abschlie\u00dfen.<\/p><p>Zum Zwecke der Vertragsabwicklung ist es erforderlich, Ihre personenbezogenen Daten an interne und externe Dienstleister (Zadruga, 3e Handels- und Dienstleistungs AG, abwickelnden Bankinstitute \/ Zahlungsdienstleister, Transportunternehmen\/ Versandunternehmen zur Zustellung und Datenverarbeiter) weiterzugeben. Die zuvor genannten Dritten werden vom Mitgliedsbetrieb im Sinne von Art. 28 DSGVO (Datenschutz-Anpassungsgesetz 2018) als Auftragsverarbeiter beauftragt und zur Gew\u00e4hrung der Datensicherheit gem\u00e4\u00df Art. 24 und Art. 32 DSGVO verpflichtet.<\/p><p>Ihre Daten werden nur innerhalb der EU verarbeitet.<\/p><p>Wir speichern die sie betreffenden personenbezogenen Daten ausschlie\u00dflich im Rahmen gesetzlicher Verpflichtungen.<\/p><p>Sobald Sie sich f\u00fcr die ZADRUGA-Kundenkarte angemeldet haben, werden Sie automatisch in unseren Newsletterverteiler aufgenommen. Daher senden wir Ihnen ein Best\u00e4tigungs-E-Mail mit einem Link zur Best\u00e4tigung der Anmeldung.<\/p><p>Den Newsletter k\u00f6nnen Sie jederzeit abbestellen, indem Sie auf den im Newsletter angegebenen Link klicken. Dieser Link befindet sich in den Fu\u00dfnoten des Newsletters und f\u00fchrt zu einer Austragung Ihrer Adresse aus dem Newsletterverteiler. Wir l\u00f6schen anschlie\u00dfend umgehend Ihre Daten im Zusammenhang mit dem Newsletter-Versand. Wenn Sie sich vom Newsletter abmelden, bleibt Ihre Kundenkarte aufrecht und Ihre bereits gesammelten Bonuspunkte davon unber\u00fchrt.<\/p><p><strong>Betroffenenrechte<\/strong><\/p><p>Jeder Kunde, der personenbezogene Daten an den Mitgliedsbetrieb weitergibt, hat ein Recht auf Information gem\u00e4\u00df \u00a7 43 DSG 2018, Auskunft gem\u00e4\u00df \u00a7 44 DSG 2018 (Art. 15 DSGVO) sowie auf Berichtigung oder L\u00f6schung personenbezogener Daten und Einschr\u00e4nkung der Verarbeitung gem\u00e4\u00df \u00a7 45 DSG 2018.<br \/>Hierzu verwenden Sie bitte die E-Mail-Adresse\u00a0<a href=\"mailto:office@zadruga.at\">office@zadruga.at<\/a><\/p><p>Die Deaktivierung der Kundenkarte kann jederzeit durch schriftlichen Widerruf angefordert werden.<\/p><p><strong>Fotos und Videoaufnahmen<\/strong><\/p><p>Wir weisen ausdr\u00fccklich darauf hin, dass im Rahmen unserer Veranstaltungen Bild-\u00ad und Tonmaterial in Form von Fotos und Videoaufzeichnungen durch von uns beauftragte oder akkreditierte Personen und Dienstleister erstellt werden. Mit den Aufnahmen sollen sowohl die Veranstaltung an sich, als auch die Teilnahme einzelner Personen dokumentiert werden.<\/p><p>Bei Aufnahmen, bei denen der Fokus auf einzelnen Personen liegt, haben die Teilnehmer jederzeit das Recht und die M\u00f6glichkeit, den Foto-\u00ad oder Videografen darauf hinzuweisen, dass sie nicht aufgenommen werden wollen. Sollte dies nicht m\u00f6glich sein oder nicht beachtet werden, werden wir bei entsprechender Nachricht, nachtr\u00e4glich eine Ver\u00f6ffentlichung durch uns und unsere Dienstleister unterbinden.<\/p><p>Wir gehen davon aus, dass die an der Veranstaltung teilnehmenden oder anderweitig beteiligten Personen, durch ihr Verhalten der Teilnahme oder Beteiligung in die Erstellung und die Ver\u00f6ffentlichung der Aufnahmen zu kommunikativen Zwecken, auch in den sozialen Medien, einwilligen. Die Einwilligung schlie\u00dft die Einwilligung zum Download der Aufnahmen von unseren Webseiten mit ein. Die Einwilligung gilt insbesondere dann, wenn sich die beteiligten Personen hierf\u00fcr bereitwillig, z.B. durch \u201ePosen\u201c oder \u201ein die Kamera Schauen\u201c, zur Verf\u00fcgung stellen.<\/p><p>Mit der Bestellung von Eintrittskarten oder der Teilnahme auf Grund einer kostenfreien Einladung erkl\u00e4rt der Veranstaltungsteilnehmer sein Einverst\u00e4ndnis zu unentgeltlichen Bild-\u00ad und Tonaufnahmen sowie zur Verwendung und Ver\u00f6ffentlichung solcher Aufnahmen zum Zwecke der \u00f6ffentlichen Berichterstattung \u00fcber die Veranstaltung oder die Bewerbung des Leistungsangebotes der Veranstalter und auf unseren Webseiten, einschlie\u00dflich in den sozialen Medien. Werden Eintrittskarten von Dritten bestellt, ist der Besteller verpflichtet, die durch ihn angemeldeten Teilnehmer auf diese Regelung hinzuweisen.<\/p><p><strong>Datenschutzerkl\u00e4rung f\u00fcr die Nutzung von Google Analytics<\/strong><\/p><p>Diese Website benutzt Google Analytics, einen Webanalysedienst der Google Inc. (\u201eGoogle\u201c). Google Analytics verwendet sog. \u201eCookies\u201c, Textdateien, die auf Ihrem Computer gespeichert werden und die eine Analyse der Benutzung der Website durch Sie erm\u00f6glichen. Die durch Cookies erzeugten Informationen \u00fcber Ihre Benutzung dieser Website werden in der Regel an einen Server von Google in den USA \u00fcbertragen und dort gespeichert. Im Falle der Aktivierung der IP-Anonymisierung auf dieser Webseite, wird Ihre IP-Adresse von Google jedoch innerhalb von Mitgliedstaaten der Europ\u00e4ischen Union oder in anderen Vertragsstaaten des Abkommens \u00fcber den Europ\u00e4ischen Wirtschaftsraum zuvor gek\u00fcrzt. Nur in Ausnahmef\u00e4llen wird die volle IP-Adresse an einen Server von Google in den USA \u00fcbertragen und dort gek\u00fcrzt. Im Auftrag des Betreibers dieser Website wird Google diese Informationen benutzen, um Ihre Nutzung der Website auszuwerten, um Reports \u00fcber die Websiteaktivit\u00e4ten zusammenzustellen und um weitere mit der Websitenutzung und der Internetnutzung verbundene Dienstleistungen gegen\u00fcber dem Websitebetreiber zu erbringen. Die im Rahmen von Google Analytics von Ihrem Browser \u00fcbermittelte IP-Adresse wird nicht mit anderen Daten von Google zusammengef\u00fchrt. Sie k\u00f6nnen die Speicherung der Cookies durch eine entsprechende Einstellung Ihrer Browser-Software verhindern; wir weisen Sie jedoch darauf hin, dass Sie in diesem Fall gegebenenfalls nicht s\u00e4mtliche Funktionen dieser Website vollumf\u00e4nglich werden nutzen k\u00f6nnen. Sie k\u00f6nnen dar\u00fcber hinaus die Erfassung der durch das Cookie erzeugten und auf Ihre Nutzung der Website bezogenen Daten (inkl. Ihrer IP-Adresse) an Google sowie die Verarbeitung dieser Daten durch Google verhindern, indem sie das unter dem folgenden Link (<a href=\"http:\/\/tools.google.com\/dlpage\/gaoptout?hl=de\">http:\/\/tools.google.com\/dlpage\/gaoptout?hl=de<\/a>) verf\u00fcgbare Browser-Plugin herunterladen und installieren.<\/p><p>N\u00e4here Informationen zu Nutzungsbedingungen und Datenschutz finden Sie unter\u00a0<a href=\"http:\/\/www.google.com\/analytics\/terms\/de.html\">http:\/\/www.google.com\/analytics\/terms\/de.html<\/a>\u00a0bzw. unter\u00a0<a href=\"https:\/\/support.google.com\/analytics\/answer\/6004245?hl=de\">https:\/\/support.google.com\/analytics\/answer\/6004245?hl=de<\/a>. Wir weisen Sie darauf hin, dass auf dieser Webseite Google Analytics um den Code \u201egat._anonymizeIp();\u201c erweitert wurde, um eine anonymisierte Erfassung von IP-Adressen (sog. IP-Masking) zu gew\u00e4hrleisten.<\/p><p><strong>Google Maps<\/strong><\/p><p>Diese Webseite verwendet Google Maps f\u00fcr die Darstellung von Karteninformationen. Bei der Nutzung von Google Maps werden von Google auch Daten \u00fcber die Nutzung der Maps-Funktionen durch Besucher der Webseiten erhoben, verarbeitet und genutzt. N\u00e4here Informationen \u00fcber die Datenverarbeitung durch Google k\u00f6nnen Sie den Datenschutzhinweisen von Google auf\u00a0<a href=\"https:\/\/www.google.at\/intl\/de\/policies\/privacy\/\">https:\/\/www.google.at\/intl\/de\/policies\/privacy\/<\/a>\u00a0\u00a0entnehmen. Dort k\u00f6nnen Sie im Datenschutzcenter auch Ihre Einstellungen ver\u00e4ndern, so dass Sie Ihre Daten verwalten und sch\u00fctzen k\u00f6nnen.<\/p><p><strong>Datenschutzerkl\u00e4rung f\u00fcr die Nutzung von\u00a0Facebook<\/strong><\/p><p>Auf unseren Seiten sind Plugins des sozialen Netzwerks Facebook, 1601 South California Avenue, Palo Alto, CA 94304, USA integriert. Die Facebook-Plugins erkennen Sie an dem Facebook-Logo oder dem \u201eLike-Button\u201c (\u201eGef\u00e4llt mir\u201c) auf unserer Seite. Eine \u00dcbersicht \u00fcber die Facebook-Plugins finden Sie hier:\u00a0<a href=\"https:\/\/developers.facebook.com\/docs\/plugins\/\">https:\/\/developers.facebook.com\/docs\/plugins\/<\/a>.<\/p><p>Wenn Sie unsere Seiten besuchen, wird \u00fcber das Plugin eine direkte Verbindung zwischen Ihrem Browser und dem Facebook-Server hergestellt. Facebook erh\u00e4lt dadurch die Information, dass Sie mit Ihrer IP-Adresse unsere Seite besucht haben. Wenn Sie den Facebook \u201eLike-Button\u201c anklicken w\u00e4hrend Sie in Ihrem Facebook-Account eingeloggt sind, k\u00f6nnen Sie die Inhalte unserer Seiten auf Ihrem Facebook-Profil verlinken. Dadurch kann Facebook den Besuch unserer Seiten Ihrem Benutzerkonto zuordnen. Wir weisen darauf hin, dass wir als Anbieter der Seiten keine Kenntnis vom Inhalt der \u00fcbermittelten Daten sowie deren Nutzung durch Facebook erhalten. Weitere Informationen hierzu finden Sie in der Datenschutzerkl\u00e4rung von Facebook unter\u00a0<a href=\"https:\/\/www.facebook.com\/policy.php\">https:\/\/www.facebook.com\/policy.php<\/a>\u00a0Wenn Sie nicht w\u00fcnschen, dass Facebook den Besuch unserer Seiten Ihrem Facebook- Nutzerkonto zuordnen\u00a0kann, loggen Sie sich bitte aus Ihrem Facebook-Benutzerkonto aus.<\/p><p><strong>Datenschutzerkl\u00e4rung f\u00fcr die Nutzung von YouTube<\/strong><\/p><p>Auf unserer Webseite sind Funktionen des Dienstes YouTube implementiert. Diese Funktionen werden durch die YouTube, LLC, 901 Cherry Ave., San Bruno, CA 94066, USA angeboten. Die eingebundenen Videos legen bei dem Aufrufen der Webseite Cookies auf den Computern der User ab. Wer das Setzen von Cookies f\u00fcr das Google-Werbeprogramm deaktiviert hat, wird auch beim Aufrufen von YouTube-Videos mit keinen solchen Cookies rechnen m\u00fcssen. YouTube legt aber auch in anderen Cookies nicht-personenbezogene Nutzungsinformationen ab. M\u00f6chten Sie dies verhindern, m\u00fcssen Sie das im Browser blockieren.<\/p><p><strong>Datenschutzerkl\u00e4rung f\u00fcr die Nutzung von Instagram<\/strong><\/p><p>Auf unserer Webseite sind Funktionen des Dienstes Instagram eingebunden. Diese Funktionen werden angeboten durch die Instagram Inc., 1601 Willow Road, Menlo Park, CA, 94025, USA integriert. Wenn Sie in Ihren Instagram-Account eingeloggt sind, k\u00f6nnen Sie durch Anklicken des Instagram-Buttons die Inhalte unserer Seiten mit Ihrem Instagram-Profil verlinken. Dadurch kann Instagram den Besuch unserer Seiten Ihrem Benutzerkonto zuordnen. Wir weisen darauf hin, dass wir als Anbieter der Seiten keine Kenntnis vom Inhalt der u\u0308bermittelten Daten sowie deren Nutzung durch Instagram erhalten.<br \/>Weitere Informationen hierzu finden Sie in der Datenschutzerkl\u00e4rung von Instagram auf\u00a0<a href=\"https:\/\/www.instagram.com\/about\/legal\/privacy\/\">https:\/\/www.instagram.com\/about\/legal\/privacy\/<\/a>.<\/p><p><strong>Auskunftsrecht<\/strong><\/p><p>Sie haben jederzeit das Recht auf Auskunft \u00fcber die bez\u00fcglich Ihrer Person gespeicherten Daten, deren Herkunft und Empf\u00e4nger sowie den Zweck der Speicherung<\/p>\t\t\t\t\t\t\t\t<\/div>\n\t\t\t\t<\/div>\n\t\t\t\t<\/div>\n\t\t\t\t\t<\/div>\n\t\t\t\t<\/div>\n\t\t<div class=\"elementor-element elementor-element-7dd9593 e-flex e-con-boxed e-con e-parent\" data-id=\"7dd9593\" data-element_type=\"container\" data-settings=\"{&quot;background_background&quot;:&quot;classic&quot;}\">\n\t\t\t\t\t<div class=\"e-con-inner\">\n\t\t\t\t\t<\/div>\n\t\t\t\t<\/div>\n\t\t<div class=\"elementor-element elementor-element-a2535f9 e-flex e-con-boxed e-con e-parent\" data-id=\"a2535f9\" data-element_type=\"container\">\n\t\t\t\t\t<div class=\"e-con-inner\">\n\t\t\t\t\t<\/div>\n\t\t\t\t<\/div>\n\t\t\t\t<\/div>\n\t\t","protected":false},"excerpt":{"rendered":"<p>Impressum F\u00fcr den Inhalt verantwortlich: ZMP-Zadruga Market GmbH V\u00f6lkermarkterstrasse 19150 Pliberk\/Bleiburg Tel.:\u00a004235 2039Fax:\u00a004235 2039 43E-Mail:\u00a0office@zadruga.at Gesch\u00e4ftsf\u00fchrer: Mag. Andreas Hochfellner UID-Nummer:\u00a0ATU [&hellip;]<\/p>\n","protected":false},"author":2,"featured_media":0,"parent":0,"menu_order":0,"comment_status":"closed","ping_status":"closed","template":"","meta":{"site-sidebar-layout":"no-sidebar","site-content-layout":"","ast-site-content-layout":"full-width-container","site-content-style":"unboxed","site-sidebar-style":"unboxed","ast-global-header-display":"","ast-banner-title-visibility":"","ast-main-header-display":"","ast-hfb-above-header-display":"","ast-hfb-below-header-display":"","ast-hfb-mobile-header-display":"","site-post-title":"disabled","ast-breadcrumbs-content":"","ast-featured-img":"disabled","footer-sml-layout":"","theme-transparent-header-meta":"enabled","adv-header-id-meta":"","stick-header-meta":"","header-above-stick-meta":"","header-main-stick-meta":"","header-below-stick-meta":"","astra-migrate-meta-layouts":"default","ast-page-background-enabled":"default","ast-page-background-meta":{"desktop":{"background-color":"var(--ast-global-color-4)","background-image":"","background-repeat":"repeat","background-position":"center center","background-size":"auto","background-attachment":"scroll","background-type":"","background-media":"","overlay-type":"","overlay-color":"","overlay-opacity":"","overlay-gradient":""},"tablet":{"background-color":"","background-image":"","background-repeat":"repeat","background-position":"center center","background-size":"auto","background-attachment":"scroll","background-type":"","background-media":"","overlay-type":"","overlay-color":"","overlay-opacity":"","overlay-gradient":""},"mobile":{"background-color":"","background-image":"","background-repeat":"repeat","background-position":"center center","background-size":"auto","background-attachment":"scroll","background-type":"","background-media":"","overlay-type":"","overlay-color":"","overlay-opacity":"","overlay-gradient":""}},"ast-content-background-meta":{"desktop":{"background-color":"var(--ast-global-color-5)","background-image":"","background-repeat":"repeat","background-position":"center center","background-size":"auto","background-attachment":"scroll","background-type":"","background-media":"","overlay-type":"","overlay-color":"","overlay-opacity":"","overlay-gradient":""},"tablet":{"background-color":"var(--ast-global-color-5)","background-image":"","background-repeat":"repeat","background-position":"center center","background-size":"auto","background-attachment":"scroll","background-type":"","background-media":"","overlay-type":"","overlay-color":"","overlay-opacity":"","overlay-gradient":""},"mobile":{"background-color":"var(--ast-global-color-5)","background-image":"","background-repeat":"repeat","background-position":"center center","background-size":"auto","background-attachment":"scroll","background-type":"","background-media":"","overlay-type":"","overlay-color":"","overlay-opacity":"","overlay-gradient":""}},"footnotes":""},"class_list":["post-2322","page","type-page","status-publish","hentry"],"_links":{"self":[{"href":"https:\/\/zadruga.at\/si\/wp-json\/wp\/v2\/pages\/2322","targetHints":{"allow":["GET"]}}],"collection":[{"href":"https:\/\/zadruga.at\/si\/wp-json\/wp\/v2\/pages"}],"about":[{"href":"https:\/\/zadruga.at\/si\/wp-json\/wp\/v2\/types\/page"}],"author":[{"embeddable":true,"href":"https:\/\/zadruga.at\/si\/wp-json\/wp\/v2\/users\/2"}],"replies":[{"embeddable":true,"href":"https:\/\/zadruga.at\/si\/wp-json\/wp\/v2\/comments?post=2322"}],"version-history":[{"count":3,"href":"https:\/\/zadruga.at\/si\/wp-json\/wp\/v2\/pages\/2322\/revisions"}],"predecessor-version":[{"id":3642,"href":"https:\/\/zadruga.at\/si\/wp-json\/wp\/v2\/pages\/2322\/revisions\/3642"}],"wp:attachment":[{"href":"https:\/\/zadruga.at\/si\/wp-json\/wp\/v2\/media?parent=2322"}],"curies":[{"name":"wp","href":"https:\/\/api.w.org\/{rel}","templated":true}]}}